{"id":1229,"date":"2020-01-28T22:27:42","date_gmt":"2020-01-28T20:27:42","guid":{"rendered":"https:\/\/www.austmannpartner.com\/en\/?page_id=1229"},"modified":"2023-09-12T13:45:03","modified_gmt":"2023-09-12T11:45:03","slug":"dr-gerhard-rosler","status":"publish","type":"page","link":"https:\/\/www.austmannpartner.com\/en\/advisors\/dr-gerhard-rosler\/","title":{"rendered":"Dr. Gerhard Rosler"},"content":{"rendered":"<ul class=\"contact\">\n<li>+49 211 300435-14<\/li>\n<li class=\"mail\"><a href=\"mailto:gerhard.rosler@austmannpartner.com\" target=\"_blank\" rel=\"noopener noreferrer\">Send me an email<\/a><\/li>\n<\/ul>\n<h2>THE PERSON<\/h2>\n<p>Dr. jur. Gerhard Rosler, LL.M., German qualified lawyer, is Of Counsel at Austmann &amp; Partner.<span class=\"Apple-converted-space\">\u00a0<\/span><\/p>\n<p>Dr. Gerhard Rosler has extensive experience in providing legal advice to national and international clients with regard to M&amp;A transactions. He focuses on the advice on corporate law and has proven expertise in the field of public law with regard to pension schemes of the liberal professions.<span class=\"Apple-converted-space\">\u00a0<\/span><\/p>\n<h3>Professional career<\/h3>\n<ul>\n<li>since 2019 Of Counsel, Austmann &amp; Partner, D\u00fcsseldorf, Germany<span class=\"Apple-converted-space\">\u00a0<\/span><\/li>\n<li>1997-2016 managing director responsible for the areas law, insurances, finance and accounting, EDP, human resources, risk management, compliance, data protection at<span class=\"Apple-converted-space\">\u00a0 <\/span>Nordrheinischen \u00c4rzteversorgung of \u00c4rztekammer Nordrhein Kd\u00f6R, D\u00fcsseldorf, Germany<\/li>\n<li>1992-1997, managing director at ADAC Hessen Th\u00fcringen e.V., Frankfurt am Main, Germany<\/li>\n<li>1983-1991, head of the legal department\/director contract management at Honeywell Europe S.A. Holding KG, Offenbach, Germany<\/li>\n<\/ul>\n<p>&nbsp;<\/p>\n<h3>Academic career<\/h3>\n<ul>\n<li>Doctor of law, 1983<span class=\"Apple-converted-space\">\u00a0<\/span><\/li>\n<li>Master of Laws (LL.M.), Tulane University School of Law, New Orleans, 1981-1982<\/li>\n<li>Second state examination, Germany, 1981<span class=\"Apple-converted-space\">\u00a0<\/span><\/li>\n<li>First state examination, Germany, 1977<span class=\"Apple-converted-space\">\u00a0<\/span><\/li>\n<li>Law studies at the Ruprecht-Karls-Universit\u00e4t Heidelberg, Germany<\/li>\n<\/ul>\n<p>&nbsp;<\/p>\n<h3>Memberships<\/h3>\n<ul>\n<li>D\u00fcsseldorf Law Society (<i>Rechtsanwaltskammer D\u00fcsseldorf<\/i>)<\/li>\n<li>Member of the supervisory board \/ legal expert with respect to the pension schemes of the dentists\u2019<span class=\"Apple-converted-space\">\u00a0 <\/span>association Westfalen Lippe, M\u00fcnster Germany<\/li>\n<\/ul>\n<p>&nbsp;<\/p>\n<h3>Languages<\/h3>\n<ul>\n<li>German, English<span class=\"Apple-converted-space\">\u00a0 \u00a0<\/span><\/li>\n<\/ul>\n","protected":false},"excerpt":{"rendered":"<p>+49 211 300435-14 Send me an email THE PERSON Dr. jur. Gerhard Rosler, LL.M., German qualified lawyer, is Of Counsel at Austmann &amp; Partner.\u00a0 Dr. Gerhard Rosler has extensive experience in providing legal advice to national and international clients with regard to M&amp;A transactions. He focuses on the advice on corporate law and has proven [&hellip;]<\/p>\n","protected":false},"author":8,"featured_media":1302,"parent":19,"menu_order":40,"comment_status":"closed","ping_status":"closed","template":"profil.php","meta":{"_acf_changed":false,"footnotes":""},"class_list":["post-1229","page","type-page","status-publish","has-post-thumbnail","hentry"],"acf":[],"_links":{"self":[{"href":"https:\/\/www.austmannpartner.com\/en\/wp-json\/wp\/v2\/pages\/1229","targetHints":{"allow":["GET"]}}],"collection":[{"href":"https:\/\/www.austmannpartner.com\/en\/wp-json\/wp\/v2\/pages"}],"about":[{"href":"https:\/\/www.austmannpartner.com\/en\/wp-json\/wp\/v2\/types\/page"}],"author":[{"embeddable":true,"href":"https:\/\/www.austmannpartner.com\/en\/wp-json\/wp\/v2\/users\/8"}],"replies":[{"embeddable":true,"href":"https:\/\/www.austmannpartner.com\/en\/wp-json\/wp\/v2\/comments?post=1229"}],"version-history":[{"count":7,"href":"https:\/\/www.austmannpartner.com\/en\/wp-json\/wp\/v2\/pages\/1229\/revisions"}],"predecessor-version":[{"id":1268,"href":"https:\/\/www.austmannpartner.com\/en\/wp-json\/wp\/v2\/pages\/1229\/revisions\/1268"}],"up":[{"embeddable":true,"href":"https:\/\/www.austmannpartner.com\/en\/wp-json\/wp\/v2\/pages\/19"}],"wp:featuredmedia":[{"embeddable":true,"href":"https:\/\/www.austmannpartner.com\/en\/wp-json\/wp\/v2\/media\/1302"}],"wp:attachment":[{"href":"https:\/\/www.austmannpartner.com\/en\/wp-json\/wp\/v2\/media?parent=1229"}],"curies":[{"name":"wp","href":"https:\/\/api.w.org\/{rel}","templated":true}]}}