{"id":122,"date":"2013-04-18T08:01:31","date_gmt":"2013-04-18T08:01:31","guid":{"rendered":"https:\/\/www.austmannpartner.com\/?page_id=122"},"modified":"2021-07-22T14:14:34","modified_gmt":"2021-07-22T12:14:34","slug":"contact","status":"publish","type":"page","link":"https:\/\/www.austmannpartner.com\/en\/profile\/contact\/","title":{"rendered":"Contact"},"content":{"rendered":"<p>AUSTMANN &amp; PARTNER Rechtsanw\u00e4lte<br \/>\nPartnerschaftsgesellschaft mbB<\/p>\n<p>Prinz-Georg-Stra\u00dfe 9<br \/>\n40477 D\u00fcsseldorf<br \/>\nT: +49 211 300435-00<br \/>\nF: +49 211 300435-99<br \/>\n<a href=\"mailto:info@austmannpartner.com\" target=\"_blank\" rel=\"noopener noreferrer\">info@austmannpartner.com<\/a><\/p>\n","protected":false},"excerpt":{"rendered":"<p>AUSTMANN &amp; PARTNER Rechtsanw\u00e4lte Partnerschaftsgesellschaft mbB Prinz-Georg-Stra\u00dfe 9 40477 D\u00fcsseldorf T: +49 211 300435-00 F: +49 211 300435-99 info@austmannpartner.com<\/p>\n","protected":false},"author":5,"featured_media":0,"parent":438,"menu_order":2,"comment_status":"open","ping_status":"closed","template":"","meta":{"_acf_changed":false,"footnotes":""},"class_list":["post-122","page","type-page","status-publish","hentry"],"acf":[],"_links":{"self":[{"href":"https:\/\/www.austmannpartner.com\/en\/wp-json\/wp\/v2\/pages\/122","targetHints":{"allow":["GET"]}}],"collection":[{"href":"https:\/\/www.austmannpartner.com\/en\/wp-json\/wp\/v2\/pages"}],"about":[{"href":"https:\/\/www.austmannpartner.com\/en\/wp-json\/wp\/v2\/types\/page"}],"author":[{"embeddable":true,"href":"https:\/\/www.austmannpartner.com\/en\/wp-json\/wp\/v2\/users\/5"}],"replies":[{"embeddable":true,"href":"https:\/\/www.austmannpartner.com\/en\/wp-json\/wp\/v2\/comments?post=122"}],"version-history":[{"count":5,"href":"https:\/\/www.austmannpartner.com\/en\/wp-json\/wp\/v2\/pages\/122\/revisions"}],"predecessor-version":[{"id":1242,"href":"https:\/\/www.austmannpartner.com\/en\/wp-json\/wp\/v2\/pages\/122\/revisions\/1242"}],"up":[{"embeddable":true,"href":"https:\/\/www.austmannpartner.com\/en\/wp-json\/wp\/v2\/pages\/438"}],"wp:attachment":[{"href":"https:\/\/www.austmannpartner.com\/en\/wp-json\/wp\/v2\/media?parent=122"}],"curies":[{"name":"wp","href":"https:\/\/api.w.org\/{rel}","templated":true}]}}