{"id":1074,"date":"2017-01-03T14:25:15","date_gmt":"2017-01-03T12:25:15","guid":{"rendered":"https:\/\/www.austmannpartner.com\/en\/?page_id=1074"},"modified":"2023-09-12T13:44:48","modified_gmt":"2023-09-12T11:44:48","slug":"dr-norman-kulpa","status":"publish","type":"page","link":"https:\/\/www.austmannpartner.com\/en\/advisors\/dr-norman-kulpa\/","title":{"rendered":"Dr. Norman Kulpa"},"content":{"rendered":"<ul class=\"contact\">\n<li>+49 211 300435-14<\/li>\n<li><a href=\"mailto:norman.kulpa@austmannpartner.com?Subject=Kontaktaufnahme\" target=\"_blank\" rel=\"noopener noreferrer\">Send me an email<\/a><\/li>\n<li><a href=\"https:\/\/www.austmannpartner.com\/wp-content\/uploads\/2017\/01\/Norman-N.-Kulpa.vcf\" target=\"_blank\" rel=\"noopener noreferrer\">Contact<\/a><\/li>\n<\/ul>\n<p><a href=\"https:\/\/www.austmannpartner.com\/en\/wp-content\/uploads\/2017\/01\/Norman-Kulpa-EN.pdf\" target=\"_blank\" rel=\"noopener noreferrer\">Download &#8211; CV<\/a><\/p>\n<h2>THE PERSON<\/h2>\n<p>Dr. Norman Kulpa, German qualified lawyer and certified specialist on commercial and corporate law, is partner at Austmann &amp; Partner.<\/p>\n<p>&nbsp;<\/p>\n<p>Dr. Norman Kulpa has extensive experience in providing legal advice to national and international clients with regard to M&amp;A transactions, corporate restructurings and joint ventures. His focus is the advice on corporate law and company group law matters (especially German limited liability companies law and partnership law as well as German limited liability company group law) of corporates as well as their bodies (especially with regard to the duty of care and the limitation of liability).<\/p>\n<p>&nbsp;<\/p>\n<h3>Professional career<\/h3>\n<ul>\n<li>since 2017, partner at Austmann &amp; Partner, D\u00fcsseldorf, Germany<\/li>\n<li>2015-2016, Senior Manager at KPMG Law, Essen, Germany<\/li>\n<li>2012-2015, Senior Associate at Jones Day, D\u00fcsseldorf, Germany<\/li>\n<li>2007-2012, Associate at Simmons &amp; Simmons LLP, D\u00fcsseldorf, Germany<\/li>\n<\/ul>\n<p>&nbsp;<\/p>\n<h3>Academic career<\/h3>\n<ul>\n<li>Certified specialist on commercial and corporate law (<i>Fachanwalt f\u00fcr Handels- und Gesellschaftsrecht<\/i>), 2011<\/li>\n<li>Second state examination (<i>Zweites Staatsexamen<\/i>), Germany, 2007<\/li>\n<li>Doctor of law (<i>Dr. iur.<\/i>), Paris Lodron Universit\u00e4t Salzburg, Austria, 2004<\/li>\n<li>First state examination (<i>Erstes Staatsexamen<\/i>), Germany, 2001<\/li>\n<li>Law studies at the universities of Osnabr\u00fcck, Germany as well as Georg-August-Universit\u00e4t G\u00f6ttingen, Germany<\/li>\n<\/ul>\n<p>&nbsp;<\/p>\n<h3>Memberships<\/h3>\n<ul>\n<li>D\u00fcsseldorf Law Society (<i>Rechtsanwaltskammer D\u00fcsseldorf<\/i>)<\/li>\n<li>German Bar Association (<i>Deutscher Anwaltsverein (DAV) e.V.<\/i>)<\/li>\n<li>Association on Corporate Law (<i>Gesellschaftsrechtliche Vereinigung Wissenschaftliche Vereinigung f\u00fcr Unternehmens- und Gesellschaftsrecht (VGR) e.V.<\/i>)<\/li>\n<li>German-American Lawyers\u2018 Association (<i>Deutsch-Amerikanische-Juristen-Vereinigung e.V. (DAJV)<\/i>)<\/li>\n<li>Indo-German Chamber of Commerce<\/li>\n<li>German Council of Economic Advisers (<i>Wirtschaftsrat Deutschland<\/i>), Berlin<\/li>\n<li>British Business Club D\u00fcsseldorf e.V.<\/li>\n<\/ul>\n<p>&nbsp;<\/p>\n<h3>Languages<\/h3>\n<ul>\n<li>German, English<\/li>\n<\/ul>\n<p>&nbsp;<\/p>\n<h3>Publications<\/h3>\n<ul>\n<li>Nils Krause \/ Norman Kulpa, Cross-boarder mergers \u2013 Against the Background of the \u201eSevic\u201c decision and the reform in the German law on mergers (<i>Grenz\u00fcberschreitende Verschmelzungen \u2013 Vor dem Hintergrund der \u201eSevic\u201c-Entscheidung und der Reform des deutschen Umwandlungsrechts<\/i>), ZHR 2007, 38-78<\/li>\n<li>Norman Kulpa, The applicable (substantive) law in international commercial arbitration (<i>Das anwendbare (materielle) Recht in internationalen Handelsschiedsgerichtsverfahren<\/i>), doctoral thesis, Peter Lang Verlag, 2005<\/li>\n<li>Markus Schmitter \/ Norman Kulpa, US-(re)exportcontrol (<i>US-(Re-)Exportkontrolle<\/i>), Computer und Recht 1999, 61-64<\/li>\n<\/ul>\n","protected":false},"excerpt":{"rendered":"<p>+49 211 300435-14 Send me an email Contact Download &#8211; CV THE PERSON Dr. Norman Kulpa, German qualified lawyer and certified specialist on commercial and corporate law, is partner at Austmann &amp; Partner. &nbsp; Dr. Norman Kulpa has extensive experience in providing legal advice to national and international clients with regard to M&amp;A transactions, corporate [&hellip;]<\/p>\n","protected":false},"author":5,"featured_media":1300,"parent":19,"menu_order":20,"comment_status":"open","ping_status":"closed","template":"profil.php","meta":{"_acf_changed":false,"footnotes":""},"class_list":["post-1074","page","type-page","status-publish","has-post-thumbnail","hentry"],"acf":[],"_links":{"self":[{"href":"https:\/\/www.austmannpartner.com\/en\/wp-json\/wp\/v2\/pages\/1074","targetHints":{"allow":["GET"]}}],"collection":[{"href":"https:\/\/www.austmannpartner.com\/en\/wp-json\/wp\/v2\/pages"}],"about":[{"href":"https:\/\/www.austmannpartner.com\/en\/wp-json\/wp\/v2\/types\/page"}],"author":[{"embeddable":true,"href":"https:\/\/www.austmannpartner.com\/en\/wp-json\/wp\/v2\/users\/5"}],"replies":[{"embeddable":true,"href":"https:\/\/www.austmannpartner.com\/en\/wp-json\/wp\/v2\/comments?post=1074"}],"version-history":[{"count":7,"href":"https:\/\/www.austmannpartner.com\/en\/wp-json\/wp\/v2\/pages\/1074\/revisions"}],"predecessor-version":[{"id":1311,"href":"https:\/\/www.austmannpartner.com\/en\/wp-json\/wp\/v2\/pages\/1074\/revisions\/1311"}],"up":[{"embeddable":true,"href":"https:\/\/www.austmannpartner.com\/en\/wp-json\/wp\/v2\/pages\/19"}],"wp:featuredmedia":[{"embeddable":true,"href":"https:\/\/www.austmannpartner.com\/en\/wp-json\/wp\/v2\/media\/1300"}],"wp:attachment":[{"href":"https:\/\/www.austmannpartner.com\/en\/wp-json\/wp\/v2\/media?parent=1074"}],"curies":[{"name":"wp","href":"https:\/\/api.w.org\/{rel}","templated":true}]}}